{"id":9305,"date":"2025-02-19T16:32:56","date_gmt":"2025-02-19T15:32:56","guid":{"rendered":"http:\/\/proves7.kiwop.es\/avis-legal\/"},"modified":"2025-10-22T14:58:47","modified_gmt":"2025-10-22T12:58:47","slug":"aviso-legal","status":"publish","type":"page","link":"https:\/\/dincat.cat\/es\/aviso-legal\/","title":{"rendered":"Aviso legal"},"content":{"rendered":"\n<h2 class=\"wp-block-heading\"><strong>AVISO LEGAL<\/strong><\/h2>\n\n\n\n<h3 class=\"wp-block-heading\"><strong>LEY DE LOS SERVICIOS DE LA SOCIEDAD DE LA INFORMACI\u00d3N (LSSI)<\/strong><\/h3>\n\n\n\n<p>DINCAT Federaci\u00f3n de entidades de la discapacidad intelectual y del desarrollo de Catalunya (en adelante, DINCAT), responsable del sitio web, pone a disposici\u00f3n de los usuarios el presente documento, con el fin de dar cumplimiento a las obligaciones dispuestas en la Ley 34\/2002, de 11 de julio, de Servicios de la Sociedad de la Informaci\u00f3n y de Comercio Electr\u00f3nico (LSSICE), BOE N\u00ba 166, e informar a todos los usuarios del sitio web sobre las condiciones de uso.<\/p>\n\n\n\n<p>Toda persona que acceda a este sitio web asume el papel de usuario, comprometi\u00e9ndose a la observancia y cumplimiento riguroso de las disposiciones aqu\u00ed establecidas, as\u00ed como de cualquier otra disposici\u00f3n legal que sea aplicable.<\/p>\n\n\n\n<p>DINCAT se reserva el derecho de modificar cualquier tipo de informaci\u00f3n que pueda aparecer en el sitio web, sin obligaci\u00f3n de avisar previamente a los usuarios.<\/p>\n\n\n\n<h3 class=\"wp-block-heading\"><strong>DATOS IDENTIFICATIVOS<\/strong><\/h3>\n\n\n\n<p><strong>Nombre de dominio:<\/strong> <a href=\"https:\/\/www.dincat.cat\">https:\/\/www.dincat.cat<\/a>)<br><strong>Nombre comercial:<\/strong> DINCAT<br><strong>Denominaci\u00f3n social: <\/strong>DINCAT Federaci\u00f3n de entidades de la discapacidad intelectual y del desarrollo de Catalunya<br><strong>NIF:<\/strong> G08389058<br><strong>Domicilio social: <\/strong>Calle Consell de Cent 445-449, entresuelo B, 08013 Barcelona<br><strong>Tel\u00e9fono: <\/strong>934901688<br><strong>Correo electr\u00f3nico: <\/strong><a href=\"mailto:dgonzalez@dincat.cat\">dgonzalez@dincat.cat<\/a><br><strong>Registro:<\/strong> Registro de Asociaciones de la Generalitat de Catalunya<\/p>\n\n\n\n<h3 class=\"wp-block-heading\"><strong>DERECHOS DE PROPIEDAD INTELECTUAL E INDUSTRIAL<\/strong><\/h3>\n\n\n\n<p>El sitio web y sus contenidos (programaci\u00f3n, edici\u00f3n, compilaci\u00f3n, dise\u00f1os, logotipos, textos y\/o gr\u00e1ficos) son propiedad de DINCAT o dispone de licencia o autorizaci\u00f3n expresa para su uso. Cualquier reproducci\u00f3n total o parcial, distribuci\u00f3n o comercializaci\u00f3n requiere autorizaci\u00f3n previa por escrito.<\/p>\n\n\n\n<p>Los contenidos de terceros que puedan aparecer en el sitio web pertenecen a sus respectivos propietarios, siendo estos los responsables de cualquier posible controversia derivada de los mismos.<\/p>\n\n\n\n<h3 class=\"wp-block-heading\"><strong>EXENCI\u00d3N DE RESPONSABILIDADES<\/strong><\/h3>\n\n\n\n<p>DINCAT se exime de cualquier responsabilidad derivada de la informaci\u00f3n publicada en su sitio web cuando esta haya sido manipulada por un tercero ajeno.<\/p>\n\n\n\n<ul class=\"wp-block-list\">\n<li><strong>USO DE COOKIES<\/strong>: Este sitio web puede utilizar cookies t\u00e9cnicas para facilitar la navegaci\u00f3n. En ning\u00fan caso se recogen datos personales sin consentimiento previo.<\/li>\n\n\n\n<li><strong>POL\u00cdTICA DE ENLACES<\/strong>: DINCAT no se hace responsable de los contenidos de terceros accesibles a trav\u00e9s de enlaces en su sitio web.<\/li>\n\n\n\n<li><strong>DIRECCIONES IP<\/strong>: Los servidores pueden detectar autom\u00e1ticamente la direcci\u00f3n IP y el nombre de dominio del usuario con fines estad\u00edsticos.<\/li>\n<\/ul>\n\n\n\n<h3 class=\"wp-block-heading\"><strong>LEY APLICABLE Y JURISDICCI\u00d3N<\/strong><\/h3>\n\n\n\n<p>El presente aviso legal se rige por la legislaci\u00f3n espa\u00f1ola. Para cualquier controversia, las partes se someter\u00e1n a los Juzgados y Tribunales de Barcelona, salvo que la legislaci\u00f3n aplicable establezca otra jurisdicci\u00f3n.<\/p>\n\n\n\n<p><strong>\u00daltima actualizaci\u00f3n: <\/strong>17\/02\/2024<\/p>\n\n\n\n<p><\/p>\n","protected":false},"excerpt":{"rendered":"<p>AVISO LEGAL LEY DE LOS SERVICIOS DE LA SOCIEDAD DE LA INFORMACI\u00d3N (LSSI) DINCAT Federaci\u00f3n de entidades de la discapacidad intelectual y del desarrollo de Catalunya (en adelante, DINCAT), responsable del sitio web, pone a disposici\u00f3n de los usuarios el presente documento, con el fin de dar cumplimiento a las obligaciones dispuestas en la Ley [&hellip;]<\/p>\n","protected":false},"author":1,"featured_media":0,"parent":0,"menu_order":0,"comment_status":"closed","ping_status":"closed","template":"","meta":{"_acf_changed":false,"inline_featured_image":false,"footnotes":""},"class_list":["post-9305","page","type-page","status-publish","hentry"],"acf":[],"_links":{"self":[{"href":"https:\/\/dincat.cat\/es\/wp-json\/wp\/v2\/pages\/9305","targetHints":{"allow":["GET"]}}],"collection":[{"href":"https:\/\/dincat.cat\/es\/wp-json\/wp\/v2\/pages"}],"about":[{"href":"https:\/\/dincat.cat\/es\/wp-json\/wp\/v2\/types\/page"}],"author":[{"embeddable":true,"href":"https:\/\/dincat.cat\/es\/wp-json\/wp\/v2\/users\/1"}],"replies":[{"embeddable":true,"href":"https:\/\/dincat.cat\/es\/wp-json\/wp\/v2\/comments?post=9305"}],"version-history":[{"count":6,"href":"https:\/\/dincat.cat\/es\/wp-json\/wp\/v2\/pages\/9305\/revisions"}],"predecessor-version":[{"id":10741,"href":"https:\/\/dincat.cat\/es\/wp-json\/wp\/v2\/pages\/9305\/revisions\/10741"}],"wp:attachment":[{"href":"https:\/\/dincat.cat\/es\/wp-json\/wp\/v2\/media?parent=9305"}],"curies":[{"name":"wp","href":"https:\/\/api.w.org\/{rel}","templated":true}]}}